{"id":13,"date":"2019-11-18T10:39:38","date_gmt":"2019-11-18T09:39:38","guid":{"rendered":"http:\/\/www.nathalie-trost.de\/wp-trost\/?page_id=13"},"modified":"2024-03-09T23:38:58","modified_gmt":"2024-03-09T22:38:58","slug":"vita","status":"publish","type":"page","link":"https:\/\/www.nathalie-trost.de\/wp-trost\/vita\/","title":{"rendered":"Vita"},"content":{"rendered":"\r\n<p><strong>Pers\u00f6nliche Daten<\/strong><br \/>Name: Nathalie Marie Trost<br \/>Geburtsdatum: 30.10.1995<br \/>Geburtsort: Weilburg<br \/>Augenfarbe: blau<br \/>Haarfarbe: blond<br \/>Figur:\u00a0 schlank<br \/>Gr\u00f6\u00dfe: 178 cm<br \/>Sprachen: Englisch, Tschechisch<br \/>Stimmlage: alt<br \/>Spielalter: 24-34<br \/>Besonderes: Fechten, Kendo, Reiten, Jonglage, Hula Hoop\u00a0<br \/>F\u00fchrerschein: Klasse B <br \/>Wohnort: Wiesbaden<\/p>\r\n\r\n\r\n\r\n<p>&nbsp;<\/p>\r\n\r\n\r\n\r\n<p><strong>Ausbildung<\/strong><br \/>Wiesbadener Schule f\u00fcr Schauspiel <br \/>Abschluss: Juni 2019 Pr\u00e4dikat der B\u00fchnenreife<\/p>\r\n\r\n\r\n\r\n<p>&nbsp;<\/p>\r\n\r\n\r\n\r\n<p><strong>Weiterbildung<\/strong><br \/>Clown (Peter Shub) <br \/>Pantomime (Rolf Mielke) <br \/>Camera-Acting (Patrick Tauss) <br \/>Studiosprechen (Martin Plass)<br \/>Gesellschaftstanz<br \/>Rhythmus und Stimme<\/p>\r\n<p>&nbsp;<\/p>\r\n\r\n\r\n\r\n<p><strong>Theater (Auszug)<\/strong><\/p>\r\n<p>2024 &#8222;1984&#8220; Rolle: Julia Regie: Wolfgang Vielsack, K\u00fcnstlerhaus 43<\/p>\r\n<p>2022 \u201eHotelgefl\u00fcster im Palast\u201c Rolle: Elisabeth Wolfseil Regie: Wolfgang Vielsack, K\u00fcnstlerhaus 43<\/p>\r\n<p>2022 \u201eMord in Aussicht\u201c Leitung: Wolfgang Vielsack, K\u00fcnstlerhaus 43\u00a0<\/p>\r\n\r\n\r\n\r\n\r\n\r\n\r\n\r\n\r\n\r\n\r\n\r\n<p>2019 \u201eGeisterj\u00e4ger John Sinclair\u201c Rolle: Fanny Foolish Regie: Stefanie Otten Das Original Gruseldinner<\/p>\r\n\r\n\r\n\r\n<p>2019 \u201eDr. Jekyll &amp; Mr. Hyde\u201c Rolle: Lisa St. James Regie: Stefanie Otten Das Original Gruseldinner<\/p>\r\n<p>2019 \u201eDie Ratten\u201c Rollen: Alice R\u00fctterbusch, Sidonie Knobbe Regie: Verena Pl\u00fcmer Wiesbadener Schule f\u00fcr Schauspiel<\/p>\r\n<p>2018 \u201eAlice im Wunderland\u201c Rollen: Dideldei, Herzkarte 0815 Regie: Carsten Kochan Saatstheater Wiesbaden<\/p>\r\n<p>2017 \u201eDie Wiedervereinigung der beiden Koreas\u201c Rollen: Corinne, die Direktorin, die Frau, Myriam Regie: Wolfgang Packh\u00e4user Wiesbadener Schule f\u00fcr Schauspiel<br \/><br \/><\/p>\r\n\r\n\r\n\r\n<p><strong>Lesung<\/strong><\/p>\r\n\r\n\r\n\r\n<p>2019 \u201e242 Titel besser als Martin Kippenberger\u201c Leitung: Adrian Scherschel Frankfurter Autorentheater<\/p>\r\n\r\n\r\n\r\n<p>&nbsp;<\/p>\r\n\r\n\r\n\r\n<p><strong>Theaterfilm<\/strong><\/p>\r\n\r\n\r\n\r\n<p>2019 \u201eDer tollste Tag\u201c Rolle: Marceline Regie: Roni Merza ZDF Produktion<\/p>\r\n<p>&nbsp;<\/p>\r\n\r\n\r\n\r\n\r\n\r\n<p><strong>Kurzspielfilm (Auszug)\u00a0<br \/><br \/><\/strong>2021 &#8222;A little (Love) Story Rolle: Mindy Regie: Alina Gallardo Leon<\/p>\r\n<p>2019 &#8222;Globe Trotter&#8220; Rolle: Josie Hochschule Rhein Main<\/p>\r\n\r\n\r\n\r\n\r\n\r\n<p>2018 \u201eDer Stalker\u201c Rolle: Nico\u00a0 Hochschule Rhein-Main<br \/><br \/><br \/><\/p>\r\n<p><strong>H\u00f6rspiel<\/strong><\/p>\r\n<p>2020 &#8222;Eine Weihnachtsgeschichte&#8220; Rolle: Roselyn, Scrooges Verlobte Leitung: Wolfgang Vielsack, K\u00fcnstlerhaus43<\/p>\r\n\r\n\r\n","protected":false},"excerpt":{"rendered":"<p>Pers\u00f6nliche DatenName: Nathalie Marie TrostGeburtsdatum: 30.10.1995Geburtsort: WeilburgAugenfarbe: blauHaarfarbe: blondFigur:\u00a0 schlankGr\u00f6\u00dfe: 178 cmSprachen: Englisch, TschechischStimmlage: altSpielalter: 24-34Besonderes: Fechten, Kendo, Reiten, Jonglage, Hula Hoop\u00a0F\u00fchrerschein: Klasse B Wohnort: Wiesbaden &nbsp; AusbildungWiesbadener Schule f\u00fcr [&hellip;]<\/p>\n","protected":false},"author":1,"featured_media":0,"parent":0,"menu_order":0,"comment_status":"closed","ping_status":"closed","template":"","meta":{"h5ap_radio_sources":[],"footnotes":""},"_links":{"self":[{"href":"https:\/\/www.nathalie-trost.de\/wp-trost\/wp-json\/wp\/v2\/pages\/13"}],"collection":[{"href":"https:\/\/www.nathalie-trost.de\/wp-trost\/wp-json\/wp\/v2\/pages"}],"about":[{"href":"https:\/\/www.nathalie-trost.de\/wp-trost\/wp-json\/wp\/v2\/types\/page"}],"author":[{"embeddable":true,"href":"https:\/\/www.nathalie-trost.de\/wp-trost\/wp-json\/wp\/v2\/users\/1"}],"replies":[{"embeddable":true,"href":"https:\/\/www.nathalie-trost.de\/wp-trost\/wp-json\/wp\/v2\/comments?post=13"}],"version-history":[{"count":10,"href":"https:\/\/www.nathalie-trost.de\/wp-trost\/wp-json\/wp\/v2\/pages\/13\/revisions"}],"predecessor-version":[{"id":487,"href":"https:\/\/www.nathalie-trost.de\/wp-trost\/wp-json\/wp\/v2\/pages\/13\/revisions\/487"}],"wp:attachment":[{"href":"https:\/\/www.nathalie-trost.de\/wp-trost\/wp-json\/wp\/v2\/media?parent=13"}],"curies":[{"name":"wp","href":"https:\/\/api.w.org\/{rel}","templated":true}]}}